{"id":827,"date":"2022-03-06T04:40:19","date_gmt":"2022-03-06T04:40:19","guid":{"rendered":"https:\/\/themepure.net\/wp\/agronix\/?page_id=827"},"modified":"2025-08-13T13:00:05","modified_gmt":"2025-08-13T18:00:05","slug":"contact","status":"publish","type":"page","link":"https:\/\/alicropsac.com.pe\/index.php\/contact\/","title":{"rendered":"Contacto"},"content":{"rendered":"\t\t<div data-elementor-type=\"wp-page\" data-elementor-id=\"827\" class=\"elementor elementor-827\">\n\t\t\t\t\t\t<section class=\"elementor-section elementor-top-section elementor-element elementor-element-0a2f1a5 elementor-section-boxed elementor-section-height-default elementor-section-height-default\" data-id=\"0a2f1a5\" data-element_type=\"section\" data-e-type=\"section\">\n\t\t\t\t\t\t<div class=\"elementor-container elementor-column-gap-no\">\n\t\t\t\t\t<div class=\"elementor-column elementor-col-100 elementor-top-column elementor-element elementor-element-6a7adc7\" data-id=\"6a7adc7\" data-element_type=\"column\" data-e-type=\"column\">\n\t\t\t<div class=\"elementor-widget-wrap elementor-element-populated\">\n\t\t\t\t\t\t<div class=\"elementor-element elementor-element-48983ee elementor-widget elementor-widget-cf7 bdevs-el cf7\" data-id=\"48983ee\" data-element_type=\"widget\" data-e-type=\"widget\" data-settings=\"{&quot;design_style&quot;:&quot;style_3&quot;}\" data-widget_type=\"cf7.default\">\n\t\t\t\t<div class=\"elementor-widget-container\">\n\t\t\t\t\t        \r\n\r\n            <div class=\"tp-contact-area\">\r\n                <div class=\"container\">\r\n                    <div class=\"row\">\r\n                        <div class=\"col-lg-10\">\r\n                            <div class=\"tp-section-wrap\">\r\n                                                                    <span><i class=\"flaticon-grass\"><\/i><\/span>\r\n                                                                                                    <h3 class=\"tp-section-title\">Si tienes alguna consulta, no dudes en d\u00e1rnosla<\/h3>\r\n                                                            <\/div>\r\n                        <\/div>\r\n                    <\/div>\r\n                    <div class=\"row mt-40\">\r\n                        <div class=\"col-lg-4\">\r\n                            <div class=\"row custom-mar-20\">\r\n                                                                    <div class=\"col-lg-12 col-md-4 col-sm-6\">\r\n                                        <div class=\"tp-contact-info mb-40\">\r\n                                            <div class=\"tp-contact-info-icon\">\r\n                                                                                                    <i class=\"bdevs-btn-icon fal fa-map-marker-alt\" aria-hidden=\"true\"><\/i>                                                                                            <\/div>\r\n                                            <div class=\"tp-contact-info-text\">\r\n                                                <h4 class=\"tp-contact-info-title mb-15\">Direcci\u00f3n<\/h4>\r\n                                                                                                    <p>Urb. Virgen De La Legua 05, Tarma, Per\u00fa<\/p>\r\n                                                \r\n                                                \r\n                                                                                            <\/div>\r\n                                        <\/div>\r\n                                    <\/div>\r\n                                                                    <div class=\"col-lg-12 col-md-4 col-sm-6\">\r\n                                        <div class=\"tp-contact-info mb-40\">\r\n                                            <div class=\"tp-contact-info-icon\">\r\n                                                                                                    <i class=\"bdevs-btn-icon fas fa-phone-alt\" aria-hidden=\"true\"><\/i>                                                                                            <\/div>\r\n                                            <div class=\"tp-contact-info-text\">\r\n                                                <h4 class=\"tp-contact-info-title mb-15\">Tel\u00e9fono<\/h4>\r\n                                                \r\n                                                                                                    <p><a href=\"tel:\">+51 900 935 143<\/a>\r\n                                                        <br> <a href=\"tel:\">+51 931 878 880<\/a>\r\n                                                    <\/p>\r\n                                                \r\n                                                                                            <\/div>\r\n                                        <\/div>\r\n                                    <\/div>\r\n                                                                    <div class=\"col-lg-12 col-md-4 col-sm-6\">\r\n                                        <div class=\"tp-contact-info mb-40\">\r\n                                            <div class=\"tp-contact-info-icon\">\r\n                                                                                                    <i class=\"bdevs-btn-icon fas fa-envelope-open\" aria-hidden=\"true\"><\/i>                                                                                            <\/div>\r\n                                            <div class=\"tp-contact-info-text\">\r\n                                                <h4 class=\"tp-contact-info-title mb-15\">Email<\/h4>\r\n                                                \r\n                                                \r\n                                                                                                    <p><a href=\"mailto:http:\/\/ventas.alicrop@alicropsac.com.pe\">ventas.alicrop@alicropsac.com.pe<\/a>\r\n                                                        <br> <a href=\"mailto:\"><\/a>\r\n                                                    <\/p>\r\n                                                                                            <\/div>\r\n                                        <\/div>\r\n                                    <\/div>\r\n                                                            <\/div>\r\n                        <\/div>\r\n                        <div class=\"col-lg-8\">\r\n                            <div class=\"tp-contact-form\">\r\n                                                            <\/div>\r\n                        <\/div>\r\n                    <\/div>\r\n                <\/div>\r\n            <\/div>\r\n\r\n\r\n        \r\n\r\n\t\t\t\t<\/div>\n\t\t\t\t<\/div>\n\t\t\t\t<div class=\"elementor-element elementor-element-8c6883c elementor-widget elementor-widget-google_maps\" data-id=\"8c6883c\" data-element_type=\"widget\" data-e-type=\"widget\" data-widget_type=\"google_maps.default\">\n\t\t\t\t\t\t\t<div class=\"elementor-custom-embed\">\n\t\t\t<iframe loading=\"lazy\"\n\t\t\t\t\tsrc=\"https:\/\/maps.google.com\/maps?q=Urb.%20Virgen%20De%20La%20Legua%2005%2C%20Tarma%2C%20Per%C3%BA&#038;t=m&#038;z=13&#038;output=embed&#038;iwloc=near\"\n\t\t\t\t\ttitle=\"Urb. Virgen De La Legua 05, Tarma, Per\u00fa\"\n\t\t\t\t\taria-label=\"Urb. Virgen De La Legua 05, Tarma, Per\u00fa\"\n\t\t\t><\/iframe>\n\t\t<\/div>\n\t\t\t\t\t\t<\/div>\n\t\t\t\t\t<\/div>\n\t\t<\/div>\n\t\t\t\t\t<\/div>\n\t\t<\/section>\n\t\t\t\t<\/div>\n\t\t","protected":false},"excerpt":{"rendered":"<p>Si tienes alguna consulta, no dudes en d\u00e1rnosla Direcci\u00f3n Urb. Virgen De La Legua 05, Tarma, Per\u00fa Tel\u00e9fono +51 900 935 143 +51 931 878 880 Email ventas.alicrop@alicropsac.com.pe<\/p>\n","protected":false},"author":1,"featured_media":0,"parent":0,"menu_order":0,"comment_status":"closed","ping_status":"closed","template":"elementor_header_footer","meta":{"_acf_changed":false,"footnotes":""},"class_list":["post-827","page","type-page","status-publish","hentry"],"acf":[],"_links":{"self":[{"href":"https:\/\/alicropsac.com.pe\/index.php\/wp-json\/wp\/v2\/pages\/827","targetHints":{"allow":["GET"]}}],"collection":[{"href":"https:\/\/alicropsac.com.pe\/index.php\/wp-json\/wp\/v2\/pages"}],"about":[{"href":"https:\/\/alicropsac.com.pe\/index.php\/wp-json\/wp\/v2\/types\/page"}],"author":[{"embeddable":true,"href":"https:\/\/alicropsac.com.pe\/index.php\/wp-json\/wp\/v2\/users\/1"}],"replies":[{"embeddable":true,"href":"https:\/\/alicropsac.com.pe\/index.php\/wp-json\/wp\/v2\/comments?post=827"}],"version-history":[{"count":17,"href":"https:\/\/alicropsac.com.pe\/index.php\/wp-json\/wp\/v2\/pages\/827\/revisions"}],"predecessor-version":[{"id":1446,"href":"https:\/\/alicropsac.com.pe\/index.php\/wp-json\/wp\/v2\/pages\/827\/revisions\/1446"}],"wp:attachment":[{"href":"https:\/\/alicropsac.com.pe\/index.php\/wp-json\/wp\/v2\/media?parent=827"}],"curies":[{"name":"wp","href":"https:\/\/api.w.org\/{rel}","templated":true}]}}