{"id":1398,"date":"2025-07-24T13:24:03","date_gmt":"2025-07-24T18:24:03","guid":{"rendered":"https:\/\/alicropsac.com.pe\/?post_type=product&#038;p=1398"},"modified":"2025-07-24T17:40:55","modified_gmt":"2025-07-24T22:40:55","slug":"estudios-de-impacto-ambiental","status":"publish","type":"product","link":"https:\/\/alicropsac.com.pe\/index.php\/producto\/estudios-de-impacto-ambiental\/","title":{"rendered":"Estudios de impacto ambiental"},"content":{"rendered":"<p>Los Estudios de Impacto Ambiental (EIA) son procedimientos clave para evaluar los efectos de proyectos sobre el medio ambiente y son esenciales para la toma de decisiones sostenibles.<\/p>\n<p>\u00bfQu\u00e9 es un Estudio de Impacto Ambiental (EIA)?<br \/>\nUn Estudio de Impacto Ambiental (EIA) es un procedimiento que permite identificar, predecir y evaluar los efectos significativos que un proyecto puede tener sobre el medio ambiente antes de su aprobaci\u00f3n. Este estudio es fundamental para garantizar que se consideren las variables ambientales en la planificaci\u00f3n y ejecuci\u00f3n de proyectos.<\/p>\n<p>Importancia del EIA<\/p>\n<ul>\n<li>Prevenci\u00f3n de Da\u00f1os: Los EIA ayudan a prevenir da\u00f1os irreversibles a los ecosistemas y a las comunidades, asegurando que los proyectos sean sostenibles y cumplan con la legislaci\u00f3n ambiental.<\/li>\n<li>Toma de Decisiones: Proporcionan informaci\u00f3n crucial a los tomadores de decisiones y al p\u00fablico sobre los impactos ambientales, permitiendo la implementaci\u00f3n de medidas de mitigaci\u00f3n.<\/li>\n<li>Participaci\u00f3n Comunitaria: Involucran a las comunidades en el proceso de evaluaci\u00f3n, lo que fomenta la transparencia y la responsabilidad social.<\/li>\n<\/ul>\n","protected":false},"excerpt":{"rendered":"<p>Los Estudios de Impacto Ambiental (EIA) son procedimientos clave para evaluar los efectos de proyectos sobre el medio ambiente y son esenciales para la toma de decisiones sostenibles. \u00bfQu\u00e9 es un Estudio de Impacto Ambiental (EIA)? Un Estudio de Impacto Ambiental (EIA) es un procedimiento que permite identificar, predecir y evaluar los efectos significativos que [&hellip;]<\/p>\n","protected":false},"featured_media":1400,"comment_status":"open","ping_status":"closed","template":"","meta":{"_acf_changed":false},"product_brand":[],"product_cat":[78],"product_tag":[],"class_list":{"0":"post-1398","1":"product","2":"type-product","3":"status-publish","4":"has-post-thumbnail","6":"product_cat-servicios","8":"first","9":"instock","10":"shipping-taxable","11":"product-type-simple"},"acf":[],"_links":{"self":[{"href":"https:\/\/alicropsac.com.pe\/index.php\/wp-json\/wp\/v2\/product\/1398","targetHints":{"allow":["GET"]}}],"collection":[{"href":"https:\/\/alicropsac.com.pe\/index.php\/wp-json\/wp\/v2\/product"}],"about":[{"href":"https:\/\/alicropsac.com.pe\/index.php\/wp-json\/wp\/v2\/types\/product"}],"replies":[{"embeddable":true,"href":"https:\/\/alicropsac.com.pe\/index.php\/wp-json\/wp\/v2\/comments?post=1398"}],"wp:featuredmedia":[{"embeddable":true,"href":"https:\/\/alicropsac.com.pe\/index.php\/wp-json\/wp\/v2\/media\/1400"}],"wp:attachment":[{"href":"https:\/\/alicropsac.com.pe\/index.php\/wp-json\/wp\/v2\/media?parent=1398"}],"wp:term":[{"taxonomy":"product_brand","embeddable":true,"href":"https:\/\/alicropsac.com.pe\/index.php\/wp-json\/wp\/v2\/product_brand?post=1398"},{"taxonomy":"product_cat","embeddable":true,"href":"https:\/\/alicropsac.com.pe\/index.php\/wp-json\/wp\/v2\/product_cat?post=1398"},{"taxonomy":"product_tag","embeddable":true,"href":"https:\/\/alicropsac.com.pe\/index.php\/wp-json\/wp\/v2\/product_tag?post=1398"}],"curies":[{"name":"wp","href":"https:\/\/api.w.org\/{rel}","templated":true}]}}