{"id":1401,"date":"2025-07-24T17:44:50","date_gmt":"2025-07-24T22:44:50","guid":{"rendered":"https:\/\/alicropsac.com.pe\/?post_type=product&#038;p=1401"},"modified":"2025-07-24T17:47:03","modified_gmt":"2025-07-24T22:47:03","slug":"saneamiento-ambiental","status":"publish","type":"product","link":"https:\/\/alicropsac.com.pe\/index.php\/producto\/saneamiento-ambiental\/","title":{"rendered":"Saneamiento ambiental"},"content":{"rendered":"<p>El saneamiento ambiental b\u00e1sico o sanidad ambiental es el conjunto de acciones t\u00e9cnicas y socioecon\u00f3micas de salud p\u00fablica que tienen por objetivo alcanzar niveles crecientes de salubridad ambiental. Comprende el manejo sanitario del agua potable, las aguas residuales y los vertidos, los residuos s\u00f3lidos, los residuos org\u00e1nicos tales como las excretas y residuos alimenticios, las emisiones a la atm\u00f3sfera y el comportamiento higi\u00e9nico que reduce los riesgos para la salud y previene la contaminaci\u00f3n.<\/p>\n","protected":false},"excerpt":{"rendered":"<p>El saneamiento ambiental b\u00e1sico o sanidad ambiental es el conjunto de acciones t\u00e9cnicas y socioecon\u00f3micas de salud p\u00fablica que tienen por objetivo alcanzar niveles crecientes de salubridad ambiental. Comprende el manejo sanitario del agua potable, las aguas residuales y los vertidos, los residuos s\u00f3lidos, los residuos org\u00e1nicos tales como las excretas y residuos alimenticios, las [&hellip;]<\/p>\n","protected":false},"featured_media":1402,"comment_status":"open","ping_status":"closed","template":"","meta":{"_acf_changed":false},"product_brand":[],"product_cat":[78],"product_tag":[],"class_list":{"0":"post-1401","1":"product","2":"type-product","3":"status-publish","4":"has-post-thumbnail","6":"product_cat-servicios","8":"first","9":"instock","10":"shipping-taxable","11":"product-type-simple"},"acf":[],"_links":{"self":[{"href":"https:\/\/alicropsac.com.pe\/index.php\/wp-json\/wp\/v2\/product\/1401","targetHints":{"allow":["GET"]}}],"collection":[{"href":"https:\/\/alicropsac.com.pe\/index.php\/wp-json\/wp\/v2\/product"}],"about":[{"href":"https:\/\/alicropsac.com.pe\/index.php\/wp-json\/wp\/v2\/types\/product"}],"replies":[{"embeddable":true,"href":"https:\/\/alicropsac.com.pe\/index.php\/wp-json\/wp\/v2\/comments?post=1401"}],"wp:featuredmedia":[{"embeddable":true,"href":"https:\/\/alicropsac.com.pe\/index.php\/wp-json\/wp\/v2\/media\/1402"}],"wp:attachment":[{"href":"https:\/\/alicropsac.com.pe\/index.php\/wp-json\/wp\/v2\/media?parent=1401"}],"wp:term":[{"taxonomy":"product_brand","embeddable":true,"href":"https:\/\/alicropsac.com.pe\/index.php\/wp-json\/wp\/v2\/product_brand?post=1401"},{"taxonomy":"product_cat","embeddable":true,"href":"https:\/\/alicropsac.com.pe\/index.php\/wp-json\/wp\/v2\/product_cat?post=1401"},{"taxonomy":"product_tag","embeddable":true,"href":"https:\/\/alicropsac.com.pe\/index.php\/wp-json\/wp\/v2\/product_tag?post=1401"}],"curies":[{"name":"wp","href":"https:\/\/api.w.org\/{rel}","templated":true}]}}