{"id":1403,"date":"2025-07-24T18:09:36","date_gmt":"2025-07-24T23:09:36","guid":{"rendered":"https:\/\/alicropsac.com.pe\/?post_type=product&#038;p=1403"},"modified":"2025-07-24T18:12:42","modified_gmt":"2025-07-24T23:12:42","slug":"monitoreo-ambiental","status":"publish","type":"product","link":"https:\/\/alicropsac.com.pe\/index.php\/producto\/monitoreo-ambiental\/","title":{"rendered":"Monitoreo ambiental"},"content":{"rendered":"<p>El monitoreo ambiental es un proceso sistem\u00e1tico de observaci\u00f3n y medici\u00f3n de las condiciones ambientales, esencial para la gesti\u00f3n sostenible y la protecci\u00f3n del medio ambiente.<\/p>\n<p>\u00bfQu\u00e9 es el Monitoreo Ambiental?<\/p>\n<p>El monitoreo ambiental se define como el proceso continuo de observaci\u00f3n, medici\u00f3n y an\u00e1lisis de las condiciones del medio ambiente en un \u00e1rea espec\u00edfica. Su objetivo principal es evaluar la calidad del aire, agua, suelo y otros elementos del entorno, detectar cambios y prevenir impactos negativos.<\/p>\n","protected":false},"excerpt":{"rendered":"<p>El monitoreo ambiental es un proceso sistem\u00e1tico de observaci\u00f3n y medici\u00f3n de las condiciones ambientales, esencial para la gesti\u00f3n sostenible y la protecci\u00f3n del medio ambiente. \u00bfQu\u00e9 es el Monitoreo Ambiental? El monitoreo ambiental se define como el proceso continuo de observaci\u00f3n, medici\u00f3n y an\u00e1lisis de las condiciones del medio ambiente en un \u00e1rea espec\u00edfica. [&hellip;]<\/p>\n","protected":false},"featured_media":1405,"comment_status":"open","ping_status":"closed","template":"","meta":{"_acf_changed":false},"product_brand":[],"product_cat":[78],"product_tag":[],"class_list":{"0":"post-1403","1":"product","2":"type-product","3":"status-publish","4":"has-post-thumbnail","6":"product_cat-servicios","8":"first","9":"instock","10":"shipping-taxable","11":"product-type-simple"},"acf":[],"_links":{"self":[{"href":"https:\/\/alicropsac.com.pe\/index.php\/wp-json\/wp\/v2\/product\/1403","targetHints":{"allow":["GET"]}}],"collection":[{"href":"https:\/\/alicropsac.com.pe\/index.php\/wp-json\/wp\/v2\/product"}],"about":[{"href":"https:\/\/alicropsac.com.pe\/index.php\/wp-json\/wp\/v2\/types\/product"}],"replies":[{"embeddable":true,"href":"https:\/\/alicropsac.com.pe\/index.php\/wp-json\/wp\/v2\/comments?post=1403"}],"wp:featuredmedia":[{"embeddable":true,"href":"https:\/\/alicropsac.com.pe\/index.php\/wp-json\/wp\/v2\/media\/1405"}],"wp:attachment":[{"href":"https:\/\/alicropsac.com.pe\/index.php\/wp-json\/wp\/v2\/media?parent=1403"}],"wp:term":[{"taxonomy":"product_brand","embeddable":true,"href":"https:\/\/alicropsac.com.pe\/index.php\/wp-json\/wp\/v2\/product_brand?post=1403"},{"taxonomy":"product_cat","embeddable":true,"href":"https:\/\/alicropsac.com.pe\/index.php\/wp-json\/wp\/v2\/product_cat?post=1403"},{"taxonomy":"product_tag","embeddable":true,"href":"https:\/\/alicropsac.com.pe\/index.php\/wp-json\/wp\/v2\/product_tag?post=1403"}],"curies":[{"name":"wp","href":"https:\/\/api.w.org\/{rel}","templated":true}]}}