{"id":1406,"date":"2025-07-24T18:12:57","date_gmt":"2025-07-24T23:12:57","guid":{"rendered":"https:\/\/alicropsac.com.pe\/?post_type=product&#038;p=1406"},"modified":"2025-07-24T18:18:53","modified_gmt":"2025-07-24T23:18:53","slug":"analisis-de-suelos-agricolas","status":"publish","type":"product","link":"https:\/\/alicropsac.com.pe\/index.php\/producto\/analisis-de-suelos-agricolas\/","title":{"rendered":"Manejo de recursos h\u00eddricos"},"content":{"rendered":"<p>La gesti\u00f3n de los recursos h\u00eddricos se refiere a la planificaci\u00f3n, desarrollo, distribuci\u00f3n y administraci\u00f3n del agua dulce, considerando su cantidad y calidad, para satisfacer las necesidades humanas y preservar los ecosistemas. Implica un enfoque integrado que considera tanto los aspectos sociales como econ\u00f3micos y ambientales del agua<\/p>\n","protected":false},"excerpt":{"rendered":"<p>La gesti\u00f3n de los recursos h\u00eddricos se refiere a la planificaci\u00f3n, desarrollo, distribuci\u00f3n y administraci\u00f3n del agua dulce, considerando su cantidad y calidad, para satisfacer las necesidades humanas y preservar los ecosistemas. Implica un enfoque integrado que considera tanto los aspectos sociales como econ\u00f3micos y ambientales del agua<\/p>\n","protected":false},"featured_media":1409,"comment_status":"open","ping_status":"closed","template":"","meta":{"_acf_changed":false},"product_brand":[],"product_cat":[78],"product_tag":[],"class_list":{"0":"post-1406","1":"product","2":"type-product","3":"status-publish","4":"has-post-thumbnail","6":"product_cat-servicios","8":"first","9":"instock","10":"shipping-taxable","11":"product-type-simple"},"acf":[],"_links":{"self":[{"href":"https:\/\/alicropsac.com.pe\/index.php\/wp-json\/wp\/v2\/product\/1406","targetHints":{"allow":["GET"]}}],"collection":[{"href":"https:\/\/alicropsac.com.pe\/index.php\/wp-json\/wp\/v2\/product"}],"about":[{"href":"https:\/\/alicropsac.com.pe\/index.php\/wp-json\/wp\/v2\/types\/product"}],"replies":[{"embeddable":true,"href":"https:\/\/alicropsac.com.pe\/index.php\/wp-json\/wp\/v2\/comments?post=1406"}],"wp:featuredmedia":[{"embeddable":true,"href":"https:\/\/alicropsac.com.pe\/index.php\/wp-json\/wp\/v2\/media\/1409"}],"wp:attachment":[{"href":"https:\/\/alicropsac.com.pe\/index.php\/wp-json\/wp\/v2\/media?parent=1406"}],"wp:term":[{"taxonomy":"product_brand","embeddable":true,"href":"https:\/\/alicropsac.com.pe\/index.php\/wp-json\/wp\/v2\/product_brand?post=1406"},{"taxonomy":"product_cat","embeddable":true,"href":"https:\/\/alicropsac.com.pe\/index.php\/wp-json\/wp\/v2\/product_cat?post=1406"},{"taxonomy":"product_tag","embeddable":true,"href":"https:\/\/alicropsac.com.pe\/index.php\/wp-json\/wp\/v2\/product_tag?post=1406"}],"curies":[{"name":"wp","href":"https:\/\/api.w.org\/{rel}","templated":true}]}}