{"id":152,"date":"2025-07-16T10:47:46","date_gmt":"2025-07-16T15:47:46","guid":{"rendered":"https:\/\/alicropsac.com.pe\/?post_type=product&#038;p=152"},"modified":"2025-07-21T12:04:48","modified_gmt":"2025-07-21T17:04:48","slug":"semilla-de-arveja-utrillo","status":"publish","type":"product","link":"https:\/\/alicropsac.com.pe\/index.php\/producto\/semilla-de-arveja-utrillo\/","title":{"rendered":"Semilla de arveja Utrillo"},"content":{"rendered":"<p style=\"line-height: 21.75pt; background: white; margin: 0cm 0cm 15.0pt 0cm;\">Variedad para mercado fresco, adaptado a siembras de Sierra durante todo el a\u00f1o. Buen potencial de rendimiento y concentraci\u00f3n de cosecha. Maduraci\u00f3n intermedia.<\/p>\n<h3>CARACTER\u00cdSTICAS<\/h3>\n<ul>\n<li>PLANTA \u2013 De porte erecto, de color verde de buen vigor y muy r\u00fastica. Promedio de altura entre 70 y 80 cm. Floraci\u00f3n concentrada.<\/li>\n<li>VAINA \u2013 De excelente color verde oscuro brillante. N\u00fameros de flores por nudo de 1 a 2. Granos por vaina de 8 a 10.<br \/>\nDe 8 a 10cm de longitud y buena vida post-cosecha.<\/li>\n<li>TOLERANCIAS \u2013 Mildi\u00fa y Chupadera.<\/li>\n<\/ul>\n","protected":false},"excerpt":{"rendered":"<p>Variedad para mercado fresco, adaptado a siembras de Sierra durante todo el a\u00f1o<\/p>\n","protected":false},"featured_media":1357,"comment_status":"open","ping_status":"closed","template":"","meta":{"_acf_changed":false},"product_brand":[],"product_cat":[17],"product_tag":[],"class_list":{"0":"post-152","1":"product","2":"type-product","3":"status-publish","4":"has-post-thumbnail","6":"product_cat-seeds","8":"first","9":"instock","10":"shipping-taxable","11":"product-type-simple"},"acf":[],"_links":{"self":[{"href":"https:\/\/alicropsac.com.pe\/index.php\/wp-json\/wp\/v2\/product\/152","targetHints":{"allow":["GET"]}}],"collection":[{"href":"https:\/\/alicropsac.com.pe\/index.php\/wp-json\/wp\/v2\/product"}],"about":[{"href":"https:\/\/alicropsac.com.pe\/index.php\/wp-json\/wp\/v2\/types\/product"}],"replies":[{"embeddable":true,"href":"https:\/\/alicropsac.com.pe\/index.php\/wp-json\/wp\/v2\/comments?post=152"}],"wp:featuredmedia":[{"embeddable":true,"href":"https:\/\/alicropsac.com.pe\/index.php\/wp-json\/wp\/v2\/media\/1357"}],"wp:attachment":[{"href":"https:\/\/alicropsac.com.pe\/index.php\/wp-json\/wp\/v2\/media?parent=152"}],"wp:term":[{"taxonomy":"product_brand","embeddable":true,"href":"https:\/\/alicropsac.com.pe\/index.php\/wp-json\/wp\/v2\/product_brand?post=152"},{"taxonomy":"product_cat","embeddable":true,"href":"https:\/\/alicropsac.com.pe\/index.php\/wp-json\/wp\/v2\/product_cat?post=152"},{"taxonomy":"product_tag","embeddable":true,"href":"https:\/\/alicropsac.com.pe\/index.php\/wp-json\/wp\/v2\/product_tag?post=152"}],"curies":[{"name":"wp","href":"https:\/\/api.w.org\/{rel}","templated":true}]}}