{"id":160,"date":"2025-07-16T11:14:36","date_gmt":"2025-07-16T16:14:36","guid":{"rendered":"https:\/\/alicropsac.com.pe\/?post_type=product&#038;p=160"},"modified":"2025-08-22T17:00:33","modified_gmt":"2025-08-22T22:00:33","slug":"semilla-de-perejil","status":"publish","type":"product","link":"https:\/\/alicropsac.com.pe\/index.php\/producto\/semilla-de-perejil\/","title":{"rendered":"Semilla de perejil"},"content":{"rendered":"<p data-start=\"187\" data-end=\"566\">Semilla arom\u00e1tica de f\u00e1cil cultivo, ideal para huertos urbanos o agr\u00edcolas. Produce hojas verdes, rizadas o lisas (seg\u00fan variedad), con intenso aroma y sabor fresco. Requiere suelos f\u00e9rtiles, h\u00famedos y bien drenados. Germina en 15 a 30 d\u00edas y se cosecha entre 70 y 90 d\u00edas despu\u00e9s de la siembra. Rico en vitaminas A, C y K, es indispensable en la cocina y en la medicina natural.<\/p>\n","protected":false},"excerpt":{"rendered":"<p>Semilla arom\u00e1tica de f\u00e1cil cultivo, ideal para huertos urbanos o agr\u00edcolas. Produce hojas verdes, rizadas o lisas (seg\u00fan variedad), con intenso aroma y sabor fresco. Requiere suelos f\u00e9rtiles, h\u00famedos y bien drenados. Germina en 15 a 30 d\u00edas y se cosecha entre 70 y 90 d\u00edas despu\u00e9s de la siembra. Rico en vitaminas A, C [&hellip;]<\/p>\n","protected":false},"featured_media":1461,"comment_status":"open","ping_status":"closed","template":"","meta":{"_acf_changed":false},"product_brand":[],"product_cat":[17],"product_tag":[],"class_list":{"0":"post-160","1":"product","2":"type-product","3":"status-publish","4":"has-post-thumbnail","6":"product_cat-seeds","8":"first","9":"instock","10":"shipping-taxable","11":"product-type-simple"},"acf":[],"_links":{"self":[{"href":"https:\/\/alicropsac.com.pe\/index.php\/wp-json\/wp\/v2\/product\/160","targetHints":{"allow":["GET"]}}],"collection":[{"href":"https:\/\/alicropsac.com.pe\/index.php\/wp-json\/wp\/v2\/product"}],"about":[{"href":"https:\/\/alicropsac.com.pe\/index.php\/wp-json\/wp\/v2\/types\/product"}],"replies":[{"embeddable":true,"href":"https:\/\/alicropsac.com.pe\/index.php\/wp-json\/wp\/v2\/comments?post=160"}],"wp:featuredmedia":[{"embeddable":true,"href":"https:\/\/alicropsac.com.pe\/index.php\/wp-json\/wp\/v2\/media\/1461"}],"wp:attachment":[{"href":"https:\/\/alicropsac.com.pe\/index.php\/wp-json\/wp\/v2\/media?parent=160"}],"wp:term":[{"taxonomy":"product_brand","embeddable":true,"href":"https:\/\/alicropsac.com.pe\/index.php\/wp-json\/wp\/v2\/product_brand?post=160"},{"taxonomy":"product_cat","embeddable":true,"href":"https:\/\/alicropsac.com.pe\/index.php\/wp-json\/wp\/v2\/product_cat?post=160"},{"taxonomy":"product_tag","embeddable":true,"href":"https:\/\/alicropsac.com.pe\/index.php\/wp-json\/wp\/v2\/product_tag?post=160"}],"curies":[{"name":"wp","href":"https:\/\/api.w.org\/{rel}","templated":true}]}}