{"id":166,"date":"2025-07-16T11:27:21","date_gmt":"2025-07-16T16:27:21","guid":{"rendered":"https:\/\/alicropsac.com.pe\/?post_type=product&#038;p=166"},"modified":"2025-11-19T03:43:30","modified_gmt":"2025-11-19T08:43:30","slug":"semilla-de-espinaca","status":"publish","type":"product","link":"https:\/\/alicropsac.com.pe\/index.php\/producto\/semilla-de-espinaca\/","title":{"rendered":"Semilla De Espinaca Luna"},"content":{"rendered":"<p>Semilla de hoja verde comestible, ideal para climas templados y frescos. Produce plantas de r\u00e1pido crecimiento, con hojas anchas, suaves y de color verde intenso. Requiere suelos f\u00e9rtiles, bien drenados y riego constante. Germina entre 7 y 14 d\u00edas, y su ciclo de cosecha va de 35 a 50 d\u00edas. Rica en hierro, vitaminas A, C y K, la espinaca es ideal para consumo fresco o cocido, en ensaladas, sopas y guisos.<\/p>\n<p>&nbsp;<\/p>\n<p>VARIEDAD: CODIGO 1379<\/p>\n","protected":false},"excerpt":{"rendered":"<p>Semilla de hoja verde comestible, ideal para climas templados y frescos. Produce plantas de r\u00e1pido crecimiento, con hojas anchas, suaves y de color verde intenso. Requiere suelos f\u00e9rtiles, bien drenados y riego constante. Germina entre 7 y 14 d\u00edas, y su ciclo de cosecha va de 35 a 50 d\u00edas. Rica en hierro, vitaminas A, [&hellip;]<\/p>\n","protected":false},"featured_media":1362,"comment_status":"open","ping_status":"closed","template":"","meta":{"_acf_changed":false},"product_brand":[],"product_cat":[17],"product_tag":[],"class_list":{"0":"post-166","1":"product","2":"type-product","3":"status-publish","4":"has-post-thumbnail","6":"product_cat-seeds","8":"first","9":"instock","10":"shipping-taxable","11":"product-type-simple"},"acf":[],"_links":{"self":[{"href":"https:\/\/alicropsac.com.pe\/index.php\/wp-json\/wp\/v2\/product\/166","targetHints":{"allow":["GET"]}}],"collection":[{"href":"https:\/\/alicropsac.com.pe\/index.php\/wp-json\/wp\/v2\/product"}],"about":[{"href":"https:\/\/alicropsac.com.pe\/index.php\/wp-json\/wp\/v2\/types\/product"}],"replies":[{"embeddable":true,"href":"https:\/\/alicropsac.com.pe\/index.php\/wp-json\/wp\/v2\/comments?post=166"}],"wp:featuredmedia":[{"embeddable":true,"href":"https:\/\/alicropsac.com.pe\/index.php\/wp-json\/wp\/v2\/media\/1362"}],"wp:attachment":[{"href":"https:\/\/alicropsac.com.pe\/index.php\/wp-json\/wp\/v2\/media?parent=166"}],"wp:term":[{"taxonomy":"product_brand","embeddable":true,"href":"https:\/\/alicropsac.com.pe\/index.php\/wp-json\/wp\/v2\/product_brand?post=166"},{"taxonomy":"product_cat","embeddable":true,"href":"https:\/\/alicropsac.com.pe\/index.php\/wp-json\/wp\/v2\/product_cat?post=166"},{"taxonomy":"product_tag","embeddable":true,"href":"https:\/\/alicropsac.com.pe\/index.php\/wp-json\/wp\/v2\/product_tag?post=166"}],"curies":[{"name":"wp","href":"https:\/\/api.w.org\/{rel}","templated":true}]}}