{"id":176,"date":"2025-07-16T11:56:57","date_gmt":"2025-07-16T16:56:57","guid":{"rendered":"https:\/\/alicropsac.com.pe\/?post_type=product&#038;p=176"},"modified":"2025-07-21T12:11:18","modified_gmt":"2025-07-21T17:11:18","slug":"semilla-de-brocoli","status":"publish","type":"product","link":"https:\/\/alicropsac.com.pe\/index.php\/producto\/semilla-de-brocoli\/","title":{"rendered":"Semilla de br\u00f3coli"},"content":{"rendered":"<p>Semilla de hortaliza de alto valor nutricional, ideal para climas templados a fr\u00edos. El <strong data-start=\"289\" data-end=\"300\">br\u00f3coli<\/strong> forma una cabeza central compacta de color verde intenso, con excelente sabor y textura tierna. Su ciclo de cultivo va de 70 a 100 d\u00edas, dependiendo de la variedad. Requiere suelos f\u00e9rtiles, bien drenados y con buena retenci\u00f3n de humedad. Rico en vitaminas A, C, K, hierro y antioxidantes, es ideal para consumo fresco, cocido o congelado.<\/p>\n","protected":false},"excerpt":{"rendered":"<p>Semilla de hortaliza de alto valor nutricional, ideal para climas templados a fr\u00edos. El br\u00f3coli forma una cabeza central compacta de color verde intenso, con excelente sabor y textura tierna. Su ciclo de cultivo va de 70 a 100 d\u00edas, dependiendo de la variedad. Requiere suelos f\u00e9rtiles, bien drenados y con buena retenci\u00f3n de humedad. [&hellip;]<\/p>\n","protected":false},"featured_media":1358,"comment_status":"open","ping_status":"closed","template":"","meta":{"_acf_changed":false},"product_brand":[],"product_cat":[17],"product_tag":[],"class_list":{"0":"post-176","1":"product","2":"type-product","3":"status-publish","4":"has-post-thumbnail","6":"product_cat-seeds","8":"first","9":"instock","10":"shipping-taxable","11":"product-type-simple"},"acf":[],"_links":{"self":[{"href":"https:\/\/alicropsac.com.pe\/index.php\/wp-json\/wp\/v2\/product\/176","targetHints":{"allow":["GET"]}}],"collection":[{"href":"https:\/\/alicropsac.com.pe\/index.php\/wp-json\/wp\/v2\/product"}],"about":[{"href":"https:\/\/alicropsac.com.pe\/index.php\/wp-json\/wp\/v2\/types\/product"}],"replies":[{"embeddable":true,"href":"https:\/\/alicropsac.com.pe\/index.php\/wp-json\/wp\/v2\/comments?post=176"}],"wp:featuredmedia":[{"embeddable":true,"href":"https:\/\/alicropsac.com.pe\/index.php\/wp-json\/wp\/v2\/media\/1358"}],"wp:attachment":[{"href":"https:\/\/alicropsac.com.pe\/index.php\/wp-json\/wp\/v2\/media?parent=176"}],"wp:term":[{"taxonomy":"product_brand","embeddable":true,"href":"https:\/\/alicropsac.com.pe\/index.php\/wp-json\/wp\/v2\/product_brand?post=176"},{"taxonomy":"product_cat","embeddable":true,"href":"https:\/\/alicropsac.com.pe\/index.php\/wp-json\/wp\/v2\/product_cat?post=176"},{"taxonomy":"product_tag","embeddable":true,"href":"https:\/\/alicropsac.com.pe\/index.php\/wp-json\/wp\/v2\/product_tag?post=176"}],"curies":[{"name":"wp","href":"https:\/\/api.w.org\/{rel}","templated":true}]}}