{"id":181,"date":"2025-07-16T12:10:42","date_gmt":"2025-07-16T17:10:42","guid":{"rendered":"https:\/\/alicropsac.com.pe\/?post_type=product&#038;p=181"},"modified":"2025-07-21T16:24:44","modified_gmt":"2025-07-21T21:24:44","slug":"semilla-de-pepino","status":"publish","type":"product","link":"https:\/\/alicropsac.com.pe\/index.php\/producto\/semilla-de-pepino\/","title":{"rendered":"Semilla de pepino"},"content":{"rendered":"<p>Semilla de hortaliza de crecimiento r\u00e1pido y alta producci\u00f3n. El <strong data-start=\"233\" data-end=\"243\">pepino<\/strong> se desarrolla mejor en climas c\u00e1lidos, con buena exposici\u00f3n solar. Produce frutos alargados, de piel verde y pulpa jugosa, ideales para consumo fresco o en conservas. Ciclo de cultivo de 45 a 70 d\u00edas. Requiere suelos sueltos, bien drenados y ricos en materia org\u00e1nica. Muy apreciado por su valor hidratante, bajo contenido cal\u00f3rico y alto aporte de vitaminas y minerales.<\/p>\n","protected":false},"excerpt":{"rendered":"<p>Semilla de hortaliza de crecimiento r\u00e1pido y alta producci\u00f3n. El pepino se desarrolla mejor en climas c\u00e1lidos, con buena exposici\u00f3n solar. Produce frutos alargados, de piel verde y pulpa jugosa, ideales para consumo fresco o en conservas. Ciclo de cultivo de 45 a 70 d\u00edas. Requiere suelos sueltos, bien drenados y ricos en materia org\u00e1nica. [&hellip;]<\/p>\n","protected":false},"featured_media":1369,"comment_status":"open","ping_status":"closed","template":"","meta":{"_acf_changed":false},"product_brand":[],"product_cat":[17],"product_tag":[],"class_list":{"0":"post-181","1":"product","2":"type-product","3":"status-publish","4":"has-post-thumbnail","6":"product_cat-seeds","8":"first","9":"instock","10":"shipping-taxable","11":"product-type-simple"},"acf":[],"_links":{"self":[{"href":"https:\/\/alicropsac.com.pe\/index.php\/wp-json\/wp\/v2\/product\/181","targetHints":{"allow":["GET"]}}],"collection":[{"href":"https:\/\/alicropsac.com.pe\/index.php\/wp-json\/wp\/v2\/product"}],"about":[{"href":"https:\/\/alicropsac.com.pe\/index.php\/wp-json\/wp\/v2\/types\/product"}],"replies":[{"embeddable":true,"href":"https:\/\/alicropsac.com.pe\/index.php\/wp-json\/wp\/v2\/comments?post=181"}],"wp:featuredmedia":[{"embeddable":true,"href":"https:\/\/alicropsac.com.pe\/index.php\/wp-json\/wp\/v2\/media\/1369"}],"wp:attachment":[{"href":"https:\/\/alicropsac.com.pe\/index.php\/wp-json\/wp\/v2\/media?parent=181"}],"wp:term":[{"taxonomy":"product_brand","embeddable":true,"href":"https:\/\/alicropsac.com.pe\/index.php\/wp-json\/wp\/v2\/product_brand?post=181"},{"taxonomy":"product_cat","embeddable":true,"href":"https:\/\/alicropsac.com.pe\/index.php\/wp-json\/wp\/v2\/product_cat?post=181"},{"taxonomy":"product_tag","embeddable":true,"href":"https:\/\/alicropsac.com.pe\/index.php\/wp-json\/wp\/v2\/product_tag?post=181"}],"curies":[{"name":"wp","href":"https:\/\/api.w.org\/{rel}","templated":true}]}}