{"id":183,"date":"2025-07-16T12:13:34","date_gmt":"2025-07-16T17:13:34","guid":{"rendered":"https:\/\/alicropsac.com.pe\/?post_type=product&#038;p=183"},"modified":"2025-07-21T16:15:15","modified_gmt":"2025-07-21T21:15:15","slug":"semilla-de-maiz-hibrido","status":"publish","type":"product","link":"https:\/\/alicropsac.com.pe\/index.php\/producto\/semilla-de-maiz-hibrido\/","title":{"rendered":"Semilla de ma\u00edz hibrido"},"content":{"rendered":"<p>Semilla de alto rendimiento obtenida por el cruce de l\u00edneas gen\u00e9ticas seleccionadas. El <strong data-start=\"271\" data-end=\"287\">ma\u00edz h\u00edbrido<\/strong> ofrece mayor productividad, uniformidad en la planta y excelente adaptaci\u00f3n a diferentes condiciones clim\u00e1ticas y tipos de suelo. Presenta una maduraci\u00f3n m\u00e1s r\u00e1pida, resistencia a plagas y enfermedades, y espigas grandes con granos bien formados. Ciclo de cultivo entre 100 y 130 d\u00edas, ideal para uso en grano seco, forraje o industria alimentaria. Requiere buena fertilizaci\u00f3n y riego controlado para maximizar su potencial.<\/p>\n","protected":false},"excerpt":{"rendered":"<p>Semilla de alto rendimiento obtenida por el cruce de l\u00edneas gen\u00e9ticas seleccionadas. El ma\u00edz h\u00edbrido ofrece mayor productividad, uniformidad en la planta y excelente adaptaci\u00f3n a diferentes condiciones clim\u00e1ticas y tipos de suelo. Presenta una maduraci\u00f3n m\u00e1s r\u00e1pida, resistencia a plagas y enfermedades, y espigas grandes con granos bien formados. Ciclo de cultivo entre 100 [&hellip;]<\/p>\n","protected":false},"featured_media":1366,"comment_status":"open","ping_status":"closed","template":"","meta":{"_acf_changed":false},"product_brand":[],"product_cat":[17],"product_tag":[],"class_list":{"0":"post-183","1":"product","2":"type-product","3":"status-publish","4":"has-post-thumbnail","6":"product_cat-seeds","8":"first","9":"instock","10":"shipping-taxable","11":"product-type-simple"},"acf":[],"_links":{"self":[{"href":"https:\/\/alicropsac.com.pe\/index.php\/wp-json\/wp\/v2\/product\/183","targetHints":{"allow":["GET"]}}],"collection":[{"href":"https:\/\/alicropsac.com.pe\/index.php\/wp-json\/wp\/v2\/product"}],"about":[{"href":"https:\/\/alicropsac.com.pe\/index.php\/wp-json\/wp\/v2\/types\/product"}],"replies":[{"embeddable":true,"href":"https:\/\/alicropsac.com.pe\/index.php\/wp-json\/wp\/v2\/comments?post=183"}],"wp:featuredmedia":[{"embeddable":true,"href":"https:\/\/alicropsac.com.pe\/index.php\/wp-json\/wp\/v2\/media\/1366"}],"wp:attachment":[{"href":"https:\/\/alicropsac.com.pe\/index.php\/wp-json\/wp\/v2\/media?parent=183"}],"wp:term":[{"taxonomy":"product_brand","embeddable":true,"href":"https:\/\/alicropsac.com.pe\/index.php\/wp-json\/wp\/v2\/product_brand?post=183"},{"taxonomy":"product_cat","embeddable":true,"href":"https:\/\/alicropsac.com.pe\/index.php\/wp-json\/wp\/v2\/product_cat?post=183"},{"taxonomy":"product_tag","embeddable":true,"href":"https:\/\/alicropsac.com.pe\/index.php\/wp-json\/wp\/v2\/product_tag?post=183"}],"curies":[{"name":"wp","href":"https:\/\/api.w.org\/{rel}","templated":true}]}}