{"id":191,"date":"2025-07-16T13:19:56","date_gmt":"2025-07-16T18:19:56","guid":{"rendered":"https:\/\/alicropsac.com.pe\/?post_type=product&#038;p=191"},"modified":"2025-07-21T11:09:28","modified_gmt":"2025-07-21T16:09:28","slug":"jisamar","status":"publish","type":"product","link":"https:\/\/alicropsac.com.pe\/index.php\/producto\/jisamar\/","title":{"rendered":"Jisamar"},"content":{"rendered":"<p>CARACTER\u00cdSTICAS<\/p>\n<p><strong>\u00a0<\/strong><\/p>\n<p><strong>Jisamar<\/strong><sup>\u00ae<\/sup>\u00a0es una formulaci\u00f3n multi-componente, especialmente estudiada para su aplicaci\u00f3n v\u00eda foliar, conteniendo extracto de algas (<em>Ascophyllum nodosum<\/em>) junto con NPK y amino\u00e1cidos.<\/p>\n<p>Bioestimulante a base de algas<\/p>\n<p><strong>Jisamar<\/strong><sup>\u00ae<\/sup>\u00a0contiene un extracto de algas puro, con mol\u00e9culas precursoras de la s\u00edntesis natural de fitohormonas por la planta, que unidas al f\u00f3sforo hacen que este producto sea muy indicado para la floraci\u00f3n, cuaje y maduraci\u00f3n de los frutos.<\/p>\n<p>&nbsp;<\/p>\n<p>MODO DE EMPLEO Y DOSIS<\/p>\n<p><strong>Jisamar<\/strong><sup>\u00ae<\/sup>\u00a0puede ser empleado en todo tipo de cultivos, principalmente indicando en aquellas producciones en las que se valora la cantidad y calidad de los frutos.<\/p>\n<ul>\n<li><strong>V\u00eda foliar<\/strong>: Dosis de 150 \u2013 250 cc\/hl, varias aplicaciones peri\u00f3dicas.<\/li>\n<li><strong>V\u00eda radicular<\/strong>: Entre 3 \u2013 5 l\/ha por aplicaci\u00f3n.<\/li>\n<\/ul>\n","protected":false},"excerpt":{"rendered":"<p>CARACTER\u00cdSTICAS \u00a0 Jisamar\u00ae\u00a0es una formulaci\u00f3n multi-componente, especialmente estudiada para su aplicaci\u00f3n v\u00eda foliar, conteniendo extracto de algas (Ascophyllum nodosum) junto con NPK y amino\u00e1cidos. Bioestimulante a base de algas Jisamar\u00ae\u00a0contiene un extracto de algas puro, con mol\u00e9culas precursoras de la s\u00edntesis natural de fitohormonas por la planta, que unidas al f\u00f3sforo hacen que este producto [&hellip;]<\/p>\n","protected":false},"featured_media":1343,"comment_status":"open","ping_status":"closed","template":"","meta":{"_acf_changed":false},"product_brand":[],"product_cat":[23],"product_tag":[],"class_list":{"0":"post-191","1":"product","2":"type-product","3":"status-publish","4":"has-post-thumbnail","6":"product_cat-bioestimulante","8":"first","9":"instock","10":"shipping-taxable","11":"product-type-simple"},"acf":[],"_links":{"self":[{"href":"https:\/\/alicropsac.com.pe\/index.php\/wp-json\/wp\/v2\/product\/191","targetHints":{"allow":["GET"]}}],"collection":[{"href":"https:\/\/alicropsac.com.pe\/index.php\/wp-json\/wp\/v2\/product"}],"about":[{"href":"https:\/\/alicropsac.com.pe\/index.php\/wp-json\/wp\/v2\/types\/product"}],"replies":[{"embeddable":true,"href":"https:\/\/alicropsac.com.pe\/index.php\/wp-json\/wp\/v2\/comments?post=191"}],"wp:featuredmedia":[{"embeddable":true,"href":"https:\/\/alicropsac.com.pe\/index.php\/wp-json\/wp\/v2\/media\/1343"}],"wp:attachment":[{"href":"https:\/\/alicropsac.com.pe\/index.php\/wp-json\/wp\/v2\/media?parent=191"}],"wp:term":[{"taxonomy":"product_brand","embeddable":true,"href":"https:\/\/alicropsac.com.pe\/index.php\/wp-json\/wp\/v2\/product_brand?post=191"},{"taxonomy":"product_cat","embeddable":true,"href":"https:\/\/alicropsac.com.pe\/index.php\/wp-json\/wp\/v2\/product_cat?post=191"},{"taxonomy":"product_tag","embeddable":true,"href":"https:\/\/alicropsac.com.pe\/index.php\/wp-json\/wp\/v2\/product_tag?post=191"}],"curies":[{"name":"wp","href":"https:\/\/api.w.org\/{rel}","templated":true}]}}