{"id":195,"date":"2025-07-16T13:29:33","date_gmt":"2025-07-16T18:29:33","guid":{"rendered":"https:\/\/alicropsac.com.pe\/?post_type=product&#038;p=195"},"modified":"2025-07-21T11:05:54","modified_gmt":"2025-07-21T16:05:54","slug":"glyflor","status":"publish","type":"product","link":"https:\/\/alicropsac.com.pe\/index.php\/producto\/glyflor\/","title":{"rendered":"GlyFLOR"},"content":{"rendered":"<p><strong>Activador metab\u00f3lico para control del estr\u00e9s abi\u00f3tico<\/strong><\/p>\n<p>&nbsp;<\/p>\n<p>CARACTER\u00cdSTICAS<\/p>\n<p><strong>GlyFLOR<\/strong><sup>\u00ae<\/sup>\u00a0es un producto de alta calidad rico en osmolitos org\u00e1nicos compatibles como glicina beta\u00edna, \u00e1cidos org\u00e1nicos, az\u00facares y amino\u00e1cidos.<\/p>\n<p>Bioestimulante con efecto osmoprotector<\/p>\n<p>La glicina beta\u00edna se encuentra en la proporci\u00f3n adecuada para que cumpla entre otras propiedades con la regulaci\u00f3n del intercambio h\u00eddrico de las c\u00e9lulas, mejorando la resistencia de las plantas frente a situaciones de estr\u00e9s provocados por sequ\u00eda, temperaturas extremas o salinidad. Tambi\u00e9n aumenta la capacidad del cultivo para realizar fotos\u00edntesis, esto conlleva una mejor eficiencia en la toma de nutrientes y aumento de producci\u00f3n y calidad.<\/p>\n<p>El K+ se encuentra complejado de forma natural por sustancias org\u00e1nicas, mejorando su absorci\u00f3n y favoreciendo la activaci\u00f3n del flujo de la savia en situaciones de estr\u00e9s h\u00eddrico.<\/p>\n<p>La presentaci\u00f3n en forma l\u00edquida favorece su aplicaci\u00f3n en tratamientos foliares y por fertirrigaci\u00f3n sin previa diluci\u00f3n, garantizando una acci\u00f3n r\u00e1pida y eficaz.<\/p>\n<p>MODO DE EMPLEO Y DOSIS<\/p>\n<p><strong>GlyFLOR<\/strong><sup>\u00ae<\/sup>\u00a0puede aplicarse tanto v\u00eda foliar como v\u00eda suelo a trav\u00e9s del agua de riego, en cualquier \u00e9poca y en todo tipo de cultivo: hort\u00edcolas, frutales, c\u00edtricos, pl\u00e1tano, olivo, fres\u00f3n, cultivos tropicales\u2026<\/p>\n<p>Su aporte en el inicio del cultivo mejora el enraizamiento, las aplicaciones en prefloraci\u00f3n y floraci\u00f3n favorecen el cuajado de frutos y las efectuadas en los momentos de engorde mejoran la calidad y sabor de los mismos.<\/p>\n<ul>\n<li><strong>V\u00eda foliar<\/strong>: 200 \u2013 300cc\/hl.<\/li>\n<li><strong>V\u00eda radicular<\/strong>: 3 \u2013 5 l\/ha.<\/li>\n<\/ul>\n","protected":false},"excerpt":{"rendered":"<p>Activador metab\u00f3lico para control del estr\u00e9s abi\u00f3tico &nbsp; CARACTER\u00cdSTICAS GlyFLOR\u00ae\u00a0es un producto de alta calidad rico en osmolitos org\u00e1nicos compatibles como glicina beta\u00edna, \u00e1cidos org\u00e1nicos, az\u00facares y amino\u00e1cidos. Bioestimulante con efecto osmoprotector La glicina beta\u00edna se encuentra en la proporci\u00f3n adecuada para que cumpla entre otras propiedades con la regulaci\u00f3n del intercambio h\u00eddrico de las [&hellip;]<\/p>\n","protected":false},"featured_media":1341,"comment_status":"open","ping_status":"closed","template":"","meta":{"_acf_changed":false},"product_brand":[],"product_cat":[23],"product_tag":[],"class_list":{"0":"post-195","1":"product","2":"type-product","3":"status-publish","4":"has-post-thumbnail","6":"product_cat-bioestimulante","8":"first","9":"instock","10":"shipping-taxable","11":"product-type-simple"},"acf":[],"_links":{"self":[{"href":"https:\/\/alicropsac.com.pe\/index.php\/wp-json\/wp\/v2\/product\/195","targetHints":{"allow":["GET"]}}],"collection":[{"href":"https:\/\/alicropsac.com.pe\/index.php\/wp-json\/wp\/v2\/product"}],"about":[{"href":"https:\/\/alicropsac.com.pe\/index.php\/wp-json\/wp\/v2\/types\/product"}],"replies":[{"embeddable":true,"href":"https:\/\/alicropsac.com.pe\/index.php\/wp-json\/wp\/v2\/comments?post=195"}],"wp:featuredmedia":[{"embeddable":true,"href":"https:\/\/alicropsac.com.pe\/index.php\/wp-json\/wp\/v2\/media\/1341"}],"wp:attachment":[{"href":"https:\/\/alicropsac.com.pe\/index.php\/wp-json\/wp\/v2\/media?parent=195"}],"wp:term":[{"taxonomy":"product_brand","embeddable":true,"href":"https:\/\/alicropsac.com.pe\/index.php\/wp-json\/wp\/v2\/product_brand?post=195"},{"taxonomy":"product_cat","embeddable":true,"href":"https:\/\/alicropsac.com.pe\/index.php\/wp-json\/wp\/v2\/product_cat?post=195"},{"taxonomy":"product_tag","embeddable":true,"href":"https:\/\/alicropsac.com.pe\/index.php\/wp-json\/wp\/v2\/product_tag?post=195"}],"curies":[{"name":"wp","href":"https:\/\/api.w.org\/{rel}","templated":true}]}}