{"id":197,"date":"2025-07-16T13:32:38","date_gmt":"2025-07-16T18:32:38","guid":{"rendered":"https:\/\/alicropsac.com.pe\/?post_type=product&#038;p=197"},"modified":"2025-07-21T11:00:13","modified_gmt":"2025-07-21T16:00:13","slug":"engormax","status":"publish","type":"product","link":"https:\/\/alicropsac.com.pe\/index.php\/producto\/engormax\/","title":{"rendered":"Engormax"},"content":{"rendered":"<p><strong>Bioestimulante con extracto de algas y amino\u00e1cidos<\/strong><\/p>\n<p><u>\u00a0<\/u><\/p>\n<p>CARACTER\u00cdSTICAS<\/p>\n<p>Engormax<sup>\u00ae<\/sup>\u00a0es una mezcla s\u00f3lida soluble de elementos nutricionales bioestimulantes, favoreciendo la s\u00edntesis de prote\u00ednas y de carbohidratos. Intervienen directamente en el engorde y llenado de frutos.<\/p>\n<p>Bioestimulante que mejora la divisi\u00f3n celular en los frutos<\/p>\n<p>Con la aplicaci\u00f3n de\u00a0Engormax<sup>\u00ae<\/sup>\u00a0logramos un engorde de frutos incidiendo en dos aspectos principales: por una parte, aumentando el calibre y por otra consiguiendo que el fruto sea m\u00e1s compacto (mayor contenido en materia seca) por consiguiente, m\u00e1s peso.<\/p>\n<p>&nbsp;<\/p>\n<p>MODO DE EMPLEO Y DOSIS<\/p>\n<p>Engormax<sup>\u00ae<\/sup>\u00a0es un producto indicado para su empleo en todo tipo de hort\u00edcolas (tomate, pimiento, jud\u00eda, calabac\u00edn, mel\u00f3n, sand\u00eda, etc.), frutales, c\u00edtricos, olivo, vid y cultivos tropicales.<\/p>\n<p>Su aporte puede ser v\u00eda foliar aprovechando otros tratamientos fitosanitarios o bien v\u00eda radicular mediante el agua de riego. Los momentos m\u00e1s id\u00f3neos de aplicaci\u00f3n son al inicio de engorde y rellenado de frutos.<\/p>\n<ul>\n<li>V\u00eda foliar: 200 \u2013 300 g\/hl, varias aplicaciones en la fase de engorde<br \/>\ndel fruto.<\/li>\n<li>V\u00eda radicular: Aportar al agua de riego entre 3 \u2013 5 kg\/ha por aplicaci\u00f3n<\/li>\n<\/ul>\n","protected":false},"excerpt":{"rendered":"<p>Bioestimulante con extracto de algas y amino\u00e1cidos \u00a0 CARACTER\u00cdSTICAS Engormax\u00ae\u00a0es una mezcla s\u00f3lida soluble de elementos nutricionales bioestimulantes, favoreciendo la s\u00edntesis de prote\u00ednas y de carbohidratos. Intervienen directamente en el engorde y llenado de frutos. Bioestimulante que mejora la divisi\u00f3n celular en los frutos Con la aplicaci\u00f3n de\u00a0Engormax\u00ae\u00a0logramos un engorde de frutos incidiendo en dos [&hellip;]<\/p>\n","protected":false},"featured_media":1339,"comment_status":"open","ping_status":"closed","template":"","meta":{"_acf_changed":false},"product_brand":[],"product_cat":[23],"product_tag":[],"class_list":{"0":"post-197","1":"product","2":"type-product","3":"status-publish","4":"has-post-thumbnail","6":"product_cat-bioestimulante","8":"first","9":"instock","10":"shipping-taxable","11":"product-type-simple"},"acf":[],"_links":{"self":[{"href":"https:\/\/alicropsac.com.pe\/index.php\/wp-json\/wp\/v2\/product\/197","targetHints":{"allow":["GET"]}}],"collection":[{"href":"https:\/\/alicropsac.com.pe\/index.php\/wp-json\/wp\/v2\/product"}],"about":[{"href":"https:\/\/alicropsac.com.pe\/index.php\/wp-json\/wp\/v2\/types\/product"}],"replies":[{"embeddable":true,"href":"https:\/\/alicropsac.com.pe\/index.php\/wp-json\/wp\/v2\/comments?post=197"}],"wp:featuredmedia":[{"embeddable":true,"href":"https:\/\/alicropsac.com.pe\/index.php\/wp-json\/wp\/v2\/media\/1339"}],"wp:attachment":[{"href":"https:\/\/alicropsac.com.pe\/index.php\/wp-json\/wp\/v2\/media?parent=197"}],"wp:term":[{"taxonomy":"product_brand","embeddable":true,"href":"https:\/\/alicropsac.com.pe\/index.php\/wp-json\/wp\/v2\/product_brand?post=197"},{"taxonomy":"product_cat","embeddable":true,"href":"https:\/\/alicropsac.com.pe\/index.php\/wp-json\/wp\/v2\/product_cat?post=197"},{"taxonomy":"product_tag","embeddable":true,"href":"https:\/\/alicropsac.com.pe\/index.php\/wp-json\/wp\/v2\/product_tag?post=197"}],"curies":[{"name":"wp","href":"https:\/\/api.w.org\/{rel}","templated":true}]}}