{"id":204,"date":"2025-07-16T13:40:31","date_gmt":"2025-07-16T18:40:31","guid":{"rendered":"https:\/\/alicropsac.com.pe\/?post_type=product&#038;p=204"},"modified":"2025-07-21T11:24:45","modified_gmt":"2025-07-21T16:24:45","slug":"nutrijisa-boro","status":"publish","type":"product","link":"https:\/\/alicropsac.com.pe\/index.php\/producto\/nutrijisa-boro\/","title":{"rendered":"Nutrijisa &#8211; Boro"},"content":{"rendered":"<p><strong>Corrector a base de boro etanolamina<\/strong><\/p>\n<p><strong>\u00a0<\/strong><\/p>\n<p>CARACTER\u00cdSTICAS<\/p>\n<p><strong>Nutrijisa<\/strong><sup>\u00ae<\/sup>\u00a0<strong>boro<\/strong>\u00a0es un producto a base de\u00a0<em>boro etanolamina<\/em>, desarrollado especialmente para corregir y prevenir los estados carenciales y como aporte continuado en aquellos cultivos exigentes a este micronutriente.<\/p>\n<p>El Boro (B) es esencial para los granos de polen y el crecimiento del tubo pol\u00ednico, forma parte de los procesos tan importantes como la floraci\u00f3n y cuajado de frutos, as\u00ed como de la s\u00edntesis de ADN.<\/p>\n<p>&nbsp;<\/p>\n<p>MODO DE EMPLEO Y DOSIS<\/p>\n<p><strong>Nutrijisa<\/strong><sup>\u00ae<\/sup>\u00a0<strong>boro<\/strong>\u00a0est\u00e1 recomendado para todo tipo de cultivos, es un formulado preparado para ser aplicado en pulverizaci\u00f3n foliar y v\u00eda suelo mediante los distintos sistemas de riego, en cualquier momento del ciclo vegetativo de los cultivos.<\/p>\n<p>Dosis por aplicaci\u00f3n:<\/p>\n<ul>\n<li><strong>Aplicaci\u00f3n foliar<\/strong>: 150-400 cc\/hl<\/li>\n<li><strong>Aplicaci\u00f3n radicular<\/strong>: 2 a 4 l\/ha<\/li>\n<\/ul>\n","protected":false},"excerpt":{"rendered":"<p>Corrector a base de boro etanolamina \u00a0 CARACTER\u00cdSTICAS Nutrijisa\u00ae\u00a0boro\u00a0es un producto a base de\u00a0boro etanolamina, desarrollado especialmente para corregir y prevenir los estados carenciales y como aporte continuado en aquellos cultivos exigentes a este micronutriente. El Boro (B) es esencial para los granos de polen y el crecimiento del tubo pol\u00ednico, forma parte de los [&hellip;]<\/p>\n","protected":false},"featured_media":1347,"comment_status":"open","ping_status":"closed","template":"","meta":{"_acf_changed":false},"product_brand":[],"product_cat":[24],"product_tag":[],"class_list":{"0":"post-204","1":"product","2":"type-product","3":"status-publish","4":"has-post-thumbnail","6":"product_cat-deficiency-nutrition","8":"first","9":"instock","10":"shipping-taxable","11":"product-type-simple"},"acf":[],"_links":{"self":[{"href":"https:\/\/alicropsac.com.pe\/index.php\/wp-json\/wp\/v2\/product\/204","targetHints":{"allow":["GET"]}}],"collection":[{"href":"https:\/\/alicropsac.com.pe\/index.php\/wp-json\/wp\/v2\/product"}],"about":[{"href":"https:\/\/alicropsac.com.pe\/index.php\/wp-json\/wp\/v2\/types\/product"}],"replies":[{"embeddable":true,"href":"https:\/\/alicropsac.com.pe\/index.php\/wp-json\/wp\/v2\/comments?post=204"}],"wp:featuredmedia":[{"embeddable":true,"href":"https:\/\/alicropsac.com.pe\/index.php\/wp-json\/wp\/v2\/media\/1347"}],"wp:attachment":[{"href":"https:\/\/alicropsac.com.pe\/index.php\/wp-json\/wp\/v2\/media?parent=204"}],"wp:term":[{"taxonomy":"product_brand","embeddable":true,"href":"https:\/\/alicropsac.com.pe\/index.php\/wp-json\/wp\/v2\/product_brand?post=204"},{"taxonomy":"product_cat","embeddable":true,"href":"https:\/\/alicropsac.com.pe\/index.php\/wp-json\/wp\/v2\/product_cat?post=204"},{"taxonomy":"product_tag","embeddable":true,"href":"https:\/\/alicropsac.com.pe\/index.php\/wp-json\/wp\/v2\/product_tag?post=204"}],"curies":[{"name":"wp","href":"https:\/\/api.w.org\/{rel}","templated":true}]}}