{"id":205,"date":"2025-07-16T13:44:37","date_gmt":"2025-07-16T18:44:37","guid":{"rendered":"https:\/\/alicropsac.com.pe\/?post_type=product&#038;p=205"},"modified":"2025-07-21T11:37:12","modified_gmt":"2025-07-21T16:37:12","slug":"nutrijisa-calcio","status":"publish","type":"product","link":"https:\/\/alicropsac.com.pe\/index.php\/producto\/nutrijisa-calcio\/","title":{"rendered":"Nutrijisa &#8211; Calcio"},"content":{"rendered":"<h2>Corrector a base de calcio acomplejado<\/h2>\n<h3><strong>CARACTER\u00cdSTICAS<\/strong><\/h3>\n<p><strong>Nutrijisa<\/strong><sup>\u00ae<\/sup>\u00a0<strong>calcio<\/strong> es un formulado a base de calcio acomplejado para facilitar su asimilaci\u00f3n por la planta.<\/p>\n<p>El Calcio estimula el desarrollo de ra\u00edces y hojas. Forma compuestos en las paredes celulares, es un activador enzim\u00e1tico.<\/p>\n<p>La carencia de Calcio provoca malformaci\u00f3n y ca\u00edda de frutos j\u00f3venes, necrosis en borde de las hojas (lechuga), acorchado (bitter pit) en manzano, podredumbres apicales en hort\u00edcolas y rajado de frutos en general.<\/p>\n<p>MODO DE EMPLEO Y DOSIS<\/p>\n<p><strong>Nutrijisa<\/strong><sup>\u00ae<\/sup>\u00a0<strong>calcio<\/strong>\u00a0est\u00e1 recomendado para todo tipo de cultivos. Puede ser aplicado v\u00eda foliar y v\u00eda radicular. Se usa para prevenir y corregir las carencias ocasionadas por los desequilibrios de asimilaci\u00f3n de calcio.<\/p>\n<p>Dosis por aplicaci\u00f3n:<\/p>\n<ul>\n<li><strong>Aplicaci\u00f3n foliar<\/strong>: 200-400 cc\/hl<\/li>\n<\/ul>\n<p><strong>Aplicaci\u00f3n radicular<\/strong>: 5-10 l\/ha<\/p>\n","protected":false},"excerpt":{"rendered":"<p>Corrector a base de calcio acomplejado CARACTER\u00cdSTICAS Nutrijisa\u00ae\u00a0calcio es un formulado a base de calcio acomplejado para facilitar su asimilaci\u00f3n por la planta. El Calcio estimula el desarrollo de ra\u00edces y hojas. Forma compuestos en las paredes celulares, es un activador enzim\u00e1tico. La carencia de Calcio provoca malformaci\u00f3n y ca\u00edda de frutos j\u00f3venes, necrosis en [&hellip;]<\/p>\n","protected":false},"featured_media":1348,"comment_status":"open","ping_status":"closed","template":"","meta":{"_acf_changed":false},"product_brand":[],"product_cat":[24],"product_tag":[],"class_list":{"0":"post-205","1":"product","2":"type-product","3":"status-publish","4":"has-post-thumbnail","6":"product_cat-deficiency-nutrition","8":"first","9":"instock","10":"shipping-taxable","11":"product-type-simple"},"acf":[],"_links":{"self":[{"href":"https:\/\/alicropsac.com.pe\/index.php\/wp-json\/wp\/v2\/product\/205","targetHints":{"allow":["GET"]}}],"collection":[{"href":"https:\/\/alicropsac.com.pe\/index.php\/wp-json\/wp\/v2\/product"}],"about":[{"href":"https:\/\/alicropsac.com.pe\/index.php\/wp-json\/wp\/v2\/types\/product"}],"replies":[{"embeddable":true,"href":"https:\/\/alicropsac.com.pe\/index.php\/wp-json\/wp\/v2\/comments?post=205"}],"wp:featuredmedia":[{"embeddable":true,"href":"https:\/\/alicropsac.com.pe\/index.php\/wp-json\/wp\/v2\/media\/1348"}],"wp:attachment":[{"href":"https:\/\/alicropsac.com.pe\/index.php\/wp-json\/wp\/v2\/media?parent=205"}],"wp:term":[{"taxonomy":"product_brand","embeddable":true,"href":"https:\/\/alicropsac.com.pe\/index.php\/wp-json\/wp\/v2\/product_brand?post=205"},{"taxonomy":"product_cat","embeddable":true,"href":"https:\/\/alicropsac.com.pe\/index.php\/wp-json\/wp\/v2\/product_cat?post=205"},{"taxonomy":"product_tag","embeddable":true,"href":"https:\/\/alicropsac.com.pe\/index.php\/wp-json\/wp\/v2\/product_tag?post=205"}],"curies":[{"name":"wp","href":"https:\/\/api.w.org\/{rel}","templated":true}]}}