{"id":214,"date":"2025-07-16T16:50:31","date_gmt":"2025-07-16T21:50:31","guid":{"rendered":"https:\/\/alicropsac.com.pe\/?post_type=product&#038;p=214"},"modified":"2025-07-21T11:03:18","modified_gmt":"2025-07-21T16:03:18","slug":"furdos","status":"publish","type":"product","link":"https:\/\/alicropsac.com.pe\/index.php\/producto\/furdos\/","title":{"rendered":"Furdos"},"content":{"rendered":"<p><strong>Bioestimulante de acci\u00f3n r\u00e1pida<\/strong><\/p>\n<p><strong>\u00a0<\/strong><\/p>\n<p>CARACTER\u00cdSTICAS<\/p>\n<p><strong>Furdos<\/strong><sup>\u00ae<\/sup>\u00a0es una formulaci\u00f3n a base de sustancias org\u00e1nicas y minerales que estimula el metabolismo de la planta mejorando su asimilaci\u00f3n de nutrientes y su tolerancia a condiciones desfavorables de temperatura y salinidad. Se caracteriza por su doble efecto, como activador de los microorganismos beneficiosos de los suelos (microbiota) y como bioestimulante del cultivo.<\/p>\n<p>Su origen es multi-componente con una base nutricional y otra base org\u00e1nica.<\/p>\n<p><strong>Furdos<\/strong><sup>\u00ae<\/sup>\u00a0tiene un potente efecto bioestimulante que se refleja en una mejora de la tasa fotosint\u00e9tica y por ende en una mayor fijaci\u00f3n de carbono manteniendo un buen equilibrio vegetativo\/productivo. Adem\u00e1s, ayuda a mitigar situaciones debidas a estr\u00e9s abi\u00f3ticos de diferente origen (calor, fr\u00edo, sequ\u00eda, granizo, salinidad, etc).<\/p>\n<p>&nbsp;<\/p>\n<p>MODO DE EMPLEO Y DOSIS<\/p>\n<p><strong>Furdos<\/strong><sup>\u00ae<\/sup>\u00a0puede ser empleado en todo tipo de cultivo, en cualquier etapa del ciclo vegetativo. Est\u00e1 preparado para incorporarlo al suelo mediante los sistemas de riego. Tambi\u00e9n puede ser utilizado v\u00eda foliar junto con los abonos foliares.<\/p>\n<ul>\n<li><strong>V\u00eda radicular<\/strong>: Se recomienda realizar aplicaciones peri\u00f3dicas de 10 \u2013 20 l\/ha, a lo largo del ciclo de cultivo.<\/li>\n<\/ul>\n<p><strong>V\u00eda foliar<\/strong>: Realizar las aplicaciones peri\u00f3dicamente durante el ciclo de cultivo a raz\u00f3n de 300 \u2013 500 cc\/hl cada aplicaci\u00f3n.<\/p>\n","protected":false},"excerpt":{"rendered":"<p>Bioestimulante de acci\u00f3n r\u00e1pida \u00a0 CARACTER\u00cdSTICAS Furdos\u00ae\u00a0es una formulaci\u00f3n a base de sustancias org\u00e1nicas y minerales que estimula el metabolismo de la planta mejorando su asimilaci\u00f3n de nutrientes y su tolerancia a condiciones desfavorables de temperatura y salinidad. Se caracteriza por su doble efecto, como activador de los microorganismos beneficiosos de los suelos (microbiota) y [&hellip;]<\/p>\n","protected":false},"featured_media":1340,"comment_status":"open","ping_status":"closed","template":"","meta":{"_acf_changed":false},"product_brand":[],"product_cat":[25],"product_tag":[],"class_list":{"0":"post-214","1":"product","2":"type-product","3":"status-publish","4":"has-post-thumbnail","6":"product_cat-multipurpose-biostimulant","8":"first","9":"instock","10":"shipping-taxable","11":"product-type-simple"},"acf":[],"_links":{"self":[{"href":"https:\/\/alicropsac.com.pe\/index.php\/wp-json\/wp\/v2\/product\/214","targetHints":{"allow":["GET"]}}],"collection":[{"href":"https:\/\/alicropsac.com.pe\/index.php\/wp-json\/wp\/v2\/product"}],"about":[{"href":"https:\/\/alicropsac.com.pe\/index.php\/wp-json\/wp\/v2\/types\/product"}],"replies":[{"embeddable":true,"href":"https:\/\/alicropsac.com.pe\/index.php\/wp-json\/wp\/v2\/comments?post=214"}],"wp:featuredmedia":[{"embeddable":true,"href":"https:\/\/alicropsac.com.pe\/index.php\/wp-json\/wp\/v2\/media\/1340"}],"wp:attachment":[{"href":"https:\/\/alicropsac.com.pe\/index.php\/wp-json\/wp\/v2\/media?parent=214"}],"wp:term":[{"taxonomy":"product_brand","embeddable":true,"href":"https:\/\/alicropsac.com.pe\/index.php\/wp-json\/wp\/v2\/product_brand?post=214"},{"taxonomy":"product_cat","embeddable":true,"href":"https:\/\/alicropsac.com.pe\/index.php\/wp-json\/wp\/v2\/product_cat?post=214"},{"taxonomy":"product_tag","embeddable":true,"href":"https:\/\/alicropsac.com.pe\/index.php\/wp-json\/wp\/v2\/product_tag?post=214"}],"curies":[{"name":"wp","href":"https:\/\/api.w.org\/{rel}","templated":true}]}}