{"id":216,"date":"2025-07-16T17:03:50","date_gmt":"2025-07-16T22:03:50","guid":{"rendered":"https:\/\/alicropsac.com.pe\/?post_type=product&#038;p=216"},"modified":"2025-07-21T10:51:09","modified_gmt":"2025-07-21T15:51:09","slug":"cupronato","status":"publish","type":"product","link":"https:\/\/alicropsac.com.pe\/index.php\/producto\/cupronato\/","title":{"rendered":"Cupronato"},"content":{"rendered":"<p><strong>Cobre complejado con \u00e1cidos org\u00e1nicos<\/strong><\/p>\n<p><strong>\u00a0<\/strong><\/p>\n<p>CARACTER\u00cdSTICAS<\/p>\n<p><strong>Cupronato<\/strong><sup>\u00ae<\/sup>\u00a0es una soluci\u00f3n de cobre complejado con \u00e1cido gluc\u00f3nico. Su f\u00f3rmula aumenta la absorci\u00f3n de cobre tanto por v\u00eda radicular (sistemia) como por v\u00eda estom\u00e1tica por la fito-compatibilidad de las plantas con este \u00e1cido org\u00e1nico. El cobre interviene como catalizador de reacciones enzim\u00e1ticas; participa activamente en el proceso de fotos\u00edntesis y en la s\u00edntesis de prote\u00ednas.<\/p>\n<p>Gluconato de cobre<\/p>\n<p><strong>Cupronato<\/strong><sup>\u00ae<\/sup>\u00a0puede ser utilizado para corregir la carencia y prevenir problemas fisiol\u00f3gicos derivados de la deficiencia de cobre en todo tipo de cultivos. Adem\u00e1s el cobre contenido en Cupronato\u00ae puede formar complejos estables con otras mol\u00e9culas org\u00e1nicas, lo que permite sustituir a otros metales esenciales que pueden provocar efectos perniciosos en los cultivos.<\/p>\n<p>MODO DE EMPLEO Y DOSIS<\/p>\n<ul>\n<li><strong>V\u00eda foliar<\/strong>: 150 \u2013 300 cc\/hl, seg\u00fan tipo y momento del cultivo.<\/li>\n<li><strong>C\u00edtricos, frutales, olivo y almendro<\/strong>: 200 \u2013 300 cc\/hl, evitar tratamientos en floraci\u00f3n.<\/li>\n<li><strong>Vid<\/strong>: 200 \u2013 300 cc\/hl, realizar diferentes aplicaciones hasta el envero<\/li>\n<li><strong>V\u00eda radicular<\/strong>: En fertirrigaci\u00f3n se recomienda varias aplicaciones de 2 \u2013 4 l\/ha.<\/li>\n<\/ul>\n","protected":false},"excerpt":{"rendered":"<p>Cobre complejado con \u00e1cidos org\u00e1nicos \u00a0 CARACTER\u00cdSTICAS Cupronato\u00ae\u00a0es una soluci\u00f3n de cobre complejado con \u00e1cido gluc\u00f3nico. Su f\u00f3rmula aumenta la absorci\u00f3n de cobre tanto por v\u00eda radicular (sistemia) como por v\u00eda estom\u00e1tica por la fito-compatibilidad de las plantas con este \u00e1cido org\u00e1nico. El cobre interviene como catalizador de reacciones enzim\u00e1ticas; participa activamente en el proceso [&hellip;]<\/p>\n","protected":false},"featured_media":1338,"comment_status":"open","ping_status":"closed","template":"","meta":{"_acf_changed":false},"product_brand":[],"product_cat":[26],"product_tag":[],"class_list":{"0":"post-216","1":"product","2":"type-product","3":"status-publish","4":"has-post-thumbnail","6":"product_cat-bactericida","8":"first","9":"instock","10":"shipping-taxable","11":"product-type-simple"},"acf":[],"_links":{"self":[{"href":"https:\/\/alicropsac.com.pe\/index.php\/wp-json\/wp\/v2\/product\/216","targetHints":{"allow":["GET"]}}],"collection":[{"href":"https:\/\/alicropsac.com.pe\/index.php\/wp-json\/wp\/v2\/product"}],"about":[{"href":"https:\/\/alicropsac.com.pe\/index.php\/wp-json\/wp\/v2\/types\/product"}],"replies":[{"embeddable":true,"href":"https:\/\/alicropsac.com.pe\/index.php\/wp-json\/wp\/v2\/comments?post=216"}],"wp:featuredmedia":[{"embeddable":true,"href":"https:\/\/alicropsac.com.pe\/index.php\/wp-json\/wp\/v2\/media\/1338"}],"wp:attachment":[{"href":"https:\/\/alicropsac.com.pe\/index.php\/wp-json\/wp\/v2\/media?parent=216"}],"wp:term":[{"taxonomy":"product_brand","embeddable":true,"href":"https:\/\/alicropsac.com.pe\/index.php\/wp-json\/wp\/v2\/product_brand?post=216"},{"taxonomy":"product_cat","embeddable":true,"href":"https:\/\/alicropsac.com.pe\/index.php\/wp-json\/wp\/v2\/product_cat?post=216"},{"taxonomy":"product_tag","embeddable":true,"href":"https:\/\/alicropsac.com.pe\/index.php\/wp-json\/wp\/v2\/product_tag?post=216"}],"curies":[{"name":"wp","href":"https:\/\/api.w.org\/{rel}","templated":true}]}}