{"id":221,"date":"2025-07-16T17:23:01","date_gmt":"2025-07-16T22:23:01","guid":{"rendered":"https:\/\/alicropsac.com.pe\/?post_type=product&#038;p=221"},"modified":"2025-07-21T10:48:01","modified_gmt":"2025-07-21T15:48:01","slug":"complesal-12-12-17","status":"publish","type":"product","link":"https:\/\/alicropsac.com.pe\/index.php\/producto\/complesal-12-12-17\/","title":{"rendered":"Complesal 12.12.17"},"content":{"rendered":"<p><strong>Complesal 12.12.17 SOP<\/strong><\/p>\n<p>Complesal son fertilizantes granulares compuestos espec\u00edficos para la fertilizaci\u00f3n b\u00e1sica y de cobertera de todos los cultivos. Algunos productos de la l\u00ednea Complesal tienen un buen aporte de azufre y magnesio.<\/p>\n<p>25 kilos<br \/>\nAplicaci\u00f3n mec\u00e1nica<\/p>\n<p><strong>Categor\u00eda:\u00a0<\/strong>L\u00ednea Complesal<\/p>\n<p><strong>Etiqueta:\u00a0<\/strong>12 12 17<strong>\u00a0,\u00a0complesal<\/strong><\/p>\n","protected":false},"excerpt":{"rendered":"<p>Complesal 12.12.17 SOP Complesal son fertilizantes granulares compuestos espec\u00edficos para la fertilizaci\u00f3n b\u00e1sica y de cobertera de todos los cultivos. Algunos productos de la l\u00ednea Complesal tienen un buen aporte de azufre y magnesio. 25 kilos Aplicaci\u00f3n mec\u00e1nica Categor\u00eda:\u00a0L\u00ednea Complesal Etiqueta:\u00a012 12 17\u00a0,\u00a0complesal<\/p>\n","protected":false},"featured_media":1337,"comment_status":"open","ping_status":"closed","template":"","meta":{"_acf_changed":false},"product_brand":[],"product_cat":[19],"product_tag":[],"class_list":{"0":"post-221","1":"product","2":"type-product","3":"status-publish","4":"has-post-thumbnail","6":"product_cat-plantnutrition","8":"first","9":"instock","10":"shipping-taxable","11":"product-type-simple"},"acf":[],"_links":{"self":[{"href":"https:\/\/alicropsac.com.pe\/index.php\/wp-json\/wp\/v2\/product\/221","targetHints":{"allow":["GET"]}}],"collection":[{"href":"https:\/\/alicropsac.com.pe\/index.php\/wp-json\/wp\/v2\/product"}],"about":[{"href":"https:\/\/alicropsac.com.pe\/index.php\/wp-json\/wp\/v2\/types\/product"}],"replies":[{"embeddable":true,"href":"https:\/\/alicropsac.com.pe\/index.php\/wp-json\/wp\/v2\/comments?post=221"}],"wp:featuredmedia":[{"embeddable":true,"href":"https:\/\/alicropsac.com.pe\/index.php\/wp-json\/wp\/v2\/media\/1337"}],"wp:attachment":[{"href":"https:\/\/alicropsac.com.pe\/index.php\/wp-json\/wp\/v2\/media?parent=221"}],"wp:term":[{"taxonomy":"product_brand","embeddable":true,"href":"https:\/\/alicropsac.com.pe\/index.php\/wp-json\/wp\/v2\/product_brand?post=221"},{"taxonomy":"product_cat","embeddable":true,"href":"https:\/\/alicropsac.com.pe\/index.php\/wp-json\/wp\/v2\/product_cat?post=221"},{"taxonomy":"product_tag","embeddable":true,"href":"https:\/\/alicropsac.com.pe\/index.php\/wp-json\/wp\/v2\/product_tag?post=221"}],"curies":[{"name":"wp","href":"https:\/\/api.w.org\/{rel}","templated":true}]}}